{"id":9,"date":"2016-08-30T15:50:37","date_gmt":"2016-08-30T13:50:37","guid":{"rendered":"http:\/\/www.1acomputer.at\/weiz\/?page_id=9"},"modified":"2026-01-27T06:49:19","modified_gmt":"2026-01-27T05:49:19","slug":"1a-computer-weiz","status":"publish","type":"page","link":"https:\/\/www.1acomputer.at\/weiz\/","title":{"rendered":"1A Computer Weiz"},"content":{"rendered":"\n<figure class=\"wp-block-image size-large\"><img loading=\"lazy\" decoding=\"async\" width=\"1024\" height=\"151\" src=\"https:\/\/www.1acomputer.at\/weiz\/wp-content\/uploads\/2020\/06\/1A_Logo_unten-1024x151.png\" alt=\"\" class=\"wp-image-409\" srcset=\"https:\/\/www.1acomputer.at\/weiz\/wp-content\/uploads\/2020\/06\/1A_Logo_unten-1024x151.png 1024w, https:\/\/www.1acomputer.at\/weiz\/wp-content\/uploads\/2020\/06\/1A_Logo_unten-300x44.png 300w, https:\/\/www.1acomputer.at\/weiz\/wp-content\/uploads\/2020\/06\/1A_Logo_unten-768x113.png 768w, https:\/\/www.1acomputer.at\/weiz\/wp-content\/uploads\/2020\/06\/1A_Logo_unten-1536x226.png 1536w, https:\/\/www.1acomputer.at\/weiz\/wp-content\/uploads\/2020\/06\/1A_Logo_unten-2048x301.png 2048w\" sizes=\"(max-width: 1024px) 100vw, 1024px\" \/><\/figure>\n\n\n\n<p><br><br><\/p>\n\n\n\n<figure class=\"wp-block-image size-large\"><img loading=\"lazy\" decoding=\"async\" width=\"1024\" height=\"433\" src=\"https:\/\/www.1acomputer.at\/weiz\/wp-content\/uploads\/2026\/01\/GRP_Facebook_Profil_Banner_851x360px_Akkubohrer-1024x433.png\" alt=\"\" class=\"wp-image-485\" srcset=\"https:\/\/www.1acomputer.at\/weiz\/wp-content\/uploads\/2026\/01\/GRP_Facebook_Profil_Banner_851x360px_Akkubohrer-1024x433.png 1024w, https:\/\/www.1acomputer.at\/weiz\/wp-content\/uploads\/2026\/01\/GRP_Facebook_Profil_Banner_851x360px_Akkubohrer-300x127.png 300w, https:\/\/www.1acomputer.at\/weiz\/wp-content\/uploads\/2026\/01\/GRP_Facebook_Profil_Banner_851x360px_Akkubohrer-768x325.png 768w, https:\/\/www.1acomputer.at\/weiz\/wp-content\/uploads\/2026\/01\/GRP_Facebook_Profil_Banner_851x360px_Akkubohrer-1536x650.png 1536w, https:\/\/www.1acomputer.at\/weiz\/wp-content\/uploads\/2026\/01\/GRP_Facebook_Profil_Banner_851x360px_Akkubohrer.png 1702w\" sizes=\"(max-width: 1024px) 100vw, 1024px\" \/><\/figure>\n\n\n\n<p><\/p>\n\n\n\n<p><br><\/p>\n\n\n\n<p class=\"has-text-align-center\" style=\"font-size:22px\"><strong>Ger\u00e4te-Retter-Pr\u00e4mie bis 130,&#8211; EURO<\/strong><br><\/p>\n\n\n\n<p class=\"has-text-align-center\" style=\"font-size:22px\"><br>F\u00fcr alle bei uns beauftragten Reparaturen<\/p>\n\n\n\n<p><\/p>\n\n\n\n<p class=\"has-text-align-center\" style=\"font-size:22px\"><br>bekommen Sie ab J\u00e4nner 2026<\/p>\n\n\n\n<p class=\"has-text-align-center\" style=\"font-size:22px\"><br><strong>50% der Kosten<\/strong>&nbsp;ersetzt.<br><\/p>\n\n\n\n<p class=\"has-text-align-center\" style=\"font-size:22px\"><br>Dies gilt pro Reparatur und wird bis <\/p>\n\n\n\n<p class=\"has-text-align-center\" style=\"font-size:22px\"><br>max.\u00a0130<strong>,&#8211; Euro<\/strong>, gef\u00f6rdert. <br><\/p>\n\n\n\n<p class=\"has-text-align-center\" style=\"font-size:22px\"><br>G\u00fcltig bis das F\u00f6rdervolumen erreicht ist.<\/p>\n\n\n\n<p class=\"has-text-align-center\" style=\"font-size:22px\"><br>Informationen unter:\u00a0<a href=\"https:\/\/www.ger\u00e4te-retter-pr\u00e4mie.at\">www.ger\u00e4te-retter-pr\u00e4mie.at<\/a><\/p>\n\n\n\n<p><\/p>\n\n\n\n<p><br><br><br><\/p>\n\n\n\n<p><\/p>\n\n\n\n<p class=\"has-text-align-center\" style=\"font-size:22px\"><strong>Alles rund um Ihren Computer, finden Sie bei<\/strong><br><br><strong> Ihrem IT-Spezialisten in Weiz<\/strong><\/p>\n\n\n\n<div style=\"height:40px\" aria-hidden=\"true\" class=\"wp-block-spacer\"><\/div>\n\n\n\n<div style=\"height:90px\" aria-hidden=\"true\" class=\"wp-block-spacer\"><\/div>\n\n\n\n<p style=\"font-size:35px\"><strong>Unser Angebot f\u00fcr Sie:<\/strong><\/p>\n\n\n\n<div style=\"height:30px\" aria-hidden=\"true\" class=\"wp-block-spacer\"><\/div>\n\n\n\n<div class=\"wp-block-media-text alignwide\" style=\"grid-template-columns:35% auto\"><figure class=\"wp-block-media-text__media\"><img loading=\"lazy\" decoding=\"async\" width=\"370\" height=\"333\" src=\"https:\/\/www.1acomputer.at\/weiz\/wp-content\/uploads\/2020\/05\/E7270-1.jpg\" alt=\"\" class=\"wp-image-263 size-full\" srcset=\"https:\/\/www.1acomputer.at\/weiz\/wp-content\/uploads\/2020\/05\/E7270-1.jpg 370w, https:\/\/www.1acomputer.at\/weiz\/wp-content\/uploads\/2020\/05\/E7270-1-300x270.jpg 300w\" sizes=\"(max-width: 370px) 100vw, 370px\" \/><\/figure><div class=\"wp-block-media-text__content\">\n<p class=\"has-large-font-size\"><a href=\"https:\/\/www.1acomputer.at\/weiz\/gebrauchte-notebooks\/\">Gebrauchte <\/a><br><br><a href=\"https:\/\/www.1acomputer.at\/weiz\/gebrauchte-notebooks\/\">Notebooks<\/a><\/p>\n<\/div><\/div>\n\n\n\n<div style=\"height:50px\" aria-hidden=\"true\" class=\"wp-block-spacer\"><\/div>\n\n\n\n<div class=\"wp-block-media-text alignwide has-media-on-the-right\" style=\"grid-template-columns:auto 37%\"><div class=\"wp-block-media-text__content\">\n<p class=\"has-large-font-size\"><a href=\"https:\/\/www.1acomputer.at\/weiz\/gebrauchte-computer\/\">Gebrauchte <\/a><br><br><a href=\"https:\/\/www.1acomputer.at\/weiz\/gebrauchte-computer\/\">Computer<\/a><\/p>\n<\/div><figure class=\"wp-block-media-text__media\"><img loading=\"lazy\" decoding=\"async\" width=\"500\" height=\"500\" src=\"https:\/\/www.1acomputer.at\/weiz\/wp-content\/uploads\/2016\/08\/dell-960-desktop.png\" alt=\"\" class=\"wp-image-22 size-full\" srcset=\"https:\/\/www.1acomputer.at\/weiz\/wp-content\/uploads\/2016\/08\/dell-960-desktop.png 500w, https:\/\/www.1acomputer.at\/weiz\/wp-content\/uploads\/2016\/08\/dell-960-desktop-150x150.png 150w, https:\/\/www.1acomputer.at\/weiz\/wp-content\/uploads\/2016\/08\/dell-960-desktop-300x300.png 300w\" sizes=\"(max-width: 500px) 100vw, 500px\" \/><\/figure><\/div>\n\n\n\n<div style=\"height:50px\" aria-hidden=\"true\" class=\"wp-block-spacer\"><\/div>\n\n\n\n<div class=\"wp-block-media-text alignwide\" style=\"grid-template-columns:36% auto\"><figure class=\"wp-block-media-text__media\"><img loading=\"lazy\" decoding=\"async\" width=\"1024\" height=\"1024\" src=\"https:\/\/www.1acomputer.at\/weiz\/wp-content\/uploads\/2020\/05\/Dell_P2314HT-23-0-Zoll_1280x1280-1024x1024.jpg\" alt=\"\" class=\"wp-image-292 size-full\" srcset=\"https:\/\/www.1acomputer.at\/weiz\/wp-content\/uploads\/2020\/05\/Dell_P2314HT-23-0-Zoll_1280x1280-1024x1024.jpg 1024w, https:\/\/www.1acomputer.at\/weiz\/wp-content\/uploads\/2020\/05\/Dell_P2314HT-23-0-Zoll_1280x1280-300x300.jpg 300w, https:\/\/www.1acomputer.at\/weiz\/wp-content\/uploads\/2020\/05\/Dell_P2314HT-23-0-Zoll_1280x1280-150x150.jpg 150w, https:\/\/www.1acomputer.at\/weiz\/wp-content\/uploads\/2020\/05\/Dell_P2314HT-23-0-Zoll_1280x1280-768x768.jpg 768w, https:\/\/www.1acomputer.at\/weiz\/wp-content\/uploads\/2020\/05\/Dell_P2314HT-23-0-Zoll_1280x1280-500x500.jpg 500w, https:\/\/www.1acomputer.at\/weiz\/wp-content\/uploads\/2020\/05\/Dell_P2314HT-23-0-Zoll_1280x1280.jpg 1280w\" sizes=\"(max-width: 1024px) 100vw, 1024px\" \/><\/figure><div class=\"wp-block-media-text__content\">\n<p class=\"has-large-font-size\"><a href=\"https:\/\/www.1acomputer.at\/weiz\/gebrauchte-monitore\/\">Gebrauchte <\/a><br><br><a href=\"https:\/\/www.1acomputer.at\/weiz\/gebrauchte-monitore\/\">Monitore<\/a><\/p>\n<\/div><\/div>\n\n\n\n<div style=\"height:50px\" aria-hidden=\"true\" class=\"wp-block-spacer\"><\/div>\n\n\n\n<div class=\"wp-block-media-text alignwide has-media-on-the-right\" style=\"grid-template-columns:auto 45%\"><div class=\"wp-block-media-text__content\">\n<p class=\"has-large-font-size\"><a href=\"https:\/\/www.1acomputer.at\/weiz\/zubehoer\/\">Zubeh\u00f6r<\/a><\/p>\n<\/div><figure class=\"wp-block-media-text__media\"><img loading=\"lazy\" decoding=\"async\" width=\"1024\" height=\"576\" src=\"https:\/\/www.1acomputer.at\/weiz\/wp-content\/uploads\/2020\/05\/Logitech-MX-Master-3-und-MX-Master-Keys-1-1112x625-1-1024x576.jpg\" alt=\"\" class=\"wp-image-295 size-full\" srcset=\"https:\/\/www.1acomputer.at\/weiz\/wp-content\/uploads\/2020\/05\/Logitech-MX-Master-3-und-MX-Master-Keys-1-1112x625-1-1024x576.jpg 1024w, https:\/\/www.1acomputer.at\/weiz\/wp-content\/uploads\/2020\/05\/Logitech-MX-Master-3-und-MX-Master-Keys-1-1112x625-1-300x169.jpg 300w, https:\/\/www.1acomputer.at\/weiz\/wp-content\/uploads\/2020\/05\/Logitech-MX-Master-3-und-MX-Master-Keys-1-1112x625-1-768x432.jpg 768w, https:\/\/www.1acomputer.at\/weiz\/wp-content\/uploads\/2020\/05\/Logitech-MX-Master-3-und-MX-Master-Keys-1-1112x625-1.jpg 1112w\" sizes=\"(max-width: 1024px) 100vw, 1024px\" \/><\/figure><\/div>\n\n\n\n<div style=\"height:50px\" aria-hidden=\"true\" class=\"wp-block-spacer\"><\/div>\n\n\n\n<div class=\"wp-block-media-text alignwide\" style=\"grid-template-columns:37% auto\"><figure class=\"wp-block-media-text__media\"><img loading=\"lazy\" decoding=\"async\" width=\"1024\" height=\"546\" src=\"https:\/\/www.1acomputer.at\/weiz\/wp-content\/uploads\/2020\/05\/DS-2CD20X1G1-IDW12.png.thumb_.1280.1280-1024x546.png\" alt=\"\" class=\"wp-image-294 size-full\" srcset=\"https:\/\/www.1acomputer.at\/weiz\/wp-content\/uploads\/2020\/05\/DS-2CD20X1G1-IDW12.png.thumb_.1280.1280-1024x546.png 1024w, https:\/\/www.1acomputer.at\/weiz\/wp-content\/uploads\/2020\/05\/DS-2CD20X1G1-IDW12.png.thumb_.1280.1280-300x160.png 300w, https:\/\/www.1acomputer.at\/weiz\/wp-content\/uploads\/2020\/05\/DS-2CD20X1G1-IDW12.png.thumb_.1280.1280-768x409.png 768w, https:\/\/www.1acomputer.at\/weiz\/wp-content\/uploads\/2020\/05\/DS-2CD20X1G1-IDW12.png.thumb_.1280.1280.png 1280w\" sizes=\"(max-width: 1024px) 100vw, 1024px\" \/><\/figure><div class=\"wp-block-media-text__content\">\n<p class=\"has-large-font-size\"><a href=\"https:\/\/www.1acomputer.at\/weiz\/ueberwachung\/\">\u00dcberwachung<\/a><\/p>\n<\/div><\/div>\n\n\n\n<div style=\"height:50px\" aria-hidden=\"true\" class=\"wp-block-spacer\"><\/div>\n\n\n\n<div class=\"wp-block-media-text alignwide has-media-on-the-right\" style=\"grid-template-columns:auto 43%\"><div class=\"wp-block-media-text__content\">\n<p class=\"has-large-font-size\"><a href=\"https:\/\/www.1acomputer.at\/weiz\/handy-reparatur\/\">Handy<br><br>Reparatur<\/a><\/p>\n<\/div><figure class=\"wp-block-media-text__media\"><img loading=\"lazy\" decoding=\"async\" width=\"1024\" height=\"683\" src=\"https:\/\/www.1acomputer.at\/weiz\/wp-content\/uploads\/2020\/05\/mobile-phone-2510529_1920-1024x683.jpg\" alt=\"\" class=\"wp-image-314 size-full\" srcset=\"https:\/\/www.1acomputer.at\/weiz\/wp-content\/uploads\/2020\/05\/mobile-phone-2510529_1920-1024x683.jpg 1024w, https:\/\/www.1acomputer.at\/weiz\/wp-content\/uploads\/2020\/05\/mobile-phone-2510529_1920-300x200.jpg 300w, https:\/\/www.1acomputer.at\/weiz\/wp-content\/uploads\/2020\/05\/mobile-phone-2510529_1920-768x512.jpg 768w, https:\/\/www.1acomputer.at\/weiz\/wp-content\/uploads\/2020\/05\/mobile-phone-2510529_1920-1536x1024.jpg 1536w, https:\/\/www.1acomputer.at\/weiz\/wp-content\/uploads\/2020\/05\/mobile-phone-2510529_1920.jpg 1920w\" sizes=\"(max-width: 1024px) 100vw, 1024px\" \/><\/figure><\/div>\n\n\n\n<div style=\"height:150px\" aria-hidden=\"true\" class=\"wp-block-spacer\"><\/div>\n\n\n\n<h2 class=\"wp-block-heading\">Reparatur-Pr\u00e4mie f\u00fcr Elektroger\u00e4te aus steirischen Haushalten<\/h2>\n","protected":false},"excerpt":{"rendered":"<p>Ger\u00e4te-Retter-Pr\u00e4mie bis 130,&#8211; EURO F\u00fcr alle bei uns beauftragten Reparaturen bekommen Sie ab J\u00e4nner 2026 50% der Kosten&nbsp;ersetzt. Dies gilt pro Reparatur und wird bis max.\u00a0130,&#8211; Euro, gef\u00f6rdert. G\u00fcltig bis das F\u00f6rdervolumen erreicht ist. Informationen unter:\u00a0www.ger\u00e4te-retter-pr\u00e4mie.at Alles rund um Ihren Computer, finden Sie bei Ihrem IT-Spezialisten in Weiz Unser Angebot f\u00fcr Sie: Gebrauchte Notebooks Gebrauchte [&hellip;]<\/p>\n","protected":false},"author":2,"featured_media":0,"parent":0,"menu_order":0,"comment_status":"closed","ping_status":"closed","template":"fullwidth.php","meta":{"footnotes":""},"_links":{"self":[{"href":"https:\/\/www.1acomputer.at\/weiz\/wp-json\/wp\/v2\/pages\/9"}],"collection":[{"href":"https:\/\/www.1acomputer.at\/weiz\/wp-json\/wp\/v2\/pages"}],"about":[{"href":"https:\/\/www.1acomputer.at\/weiz\/wp-json\/wp\/v2\/types\/page"}],"author":[{"embeddable":true,"href":"https:\/\/www.1acomputer.at\/weiz\/wp-json\/wp\/v2\/users\/2"}],"replies":[{"embeddable":true,"href":"https:\/\/www.1acomputer.at\/weiz\/wp-json\/wp\/v2\/comments?post=9"}],"version-history":[{"count":47,"href":"https:\/\/www.1acomputer.at\/weiz\/wp-json\/wp\/v2\/pages\/9\/revisions"}],"predecessor-version":[{"id":487,"href":"https:\/\/www.1acomputer.at\/weiz\/wp-json\/wp\/v2\/pages\/9\/revisions\/487"}],"wp:attachment":[{"href":"https:\/\/www.1acomputer.at\/weiz\/wp-json\/wp\/v2\/media?parent=9"}],"curies":[{"name":"wp","href":"https:\/\/api.w.org\/{rel}","templated":true}]}}